{"id":4204,"date":"2022-07-07T15:29:28","date_gmt":"2022-07-07T15:29:28","guid":{"rendered":"https:\/\/alohahouses.es\/dienstleistungen-servicios\/babyausstattung-mieten\/"},"modified":"2025-12-22T14:52:37","modified_gmt":"2025-12-22T14:52:37","slug":"babyausstattung-mieten","status":"publish","type":"page","link":"https:\/\/alohahouses.es\/de\/dienstleistungen\/babyausstattung-mieten\/","title":{"rendered":"BABYAUSSTATTUNG MIETEN"},"content":{"rendered":"\t\t<div data-elementor-type=\"wp-page\" data-elementor-id=\"4204\" class=\"elementor elementor-4204 elementor-1227\" data-elementor-post-type=\"page\">\n\t\t\t\t<div class=\"elementor-element elementor-element-c23ecb5 e-con-full e-flex e-con e-parent\" data-id=\"c23ecb5\" data-element_type=\"container\" data-settings=\"{&quot;background_background&quot;:&quot;classic&quot;,&quot;jet_parallax_layout_list&quot;:[]}\">\n\t\t\t\t<div class=\"elementor-element elementor-element-aba7710 elementor-widget elementor-widget-heading\" data-id=\"aba7710\" data-element_type=\"widget\" data-widget_type=\"heading.default\">\n\t\t\t\t<div class=\"elementor-widget-container\">\n\t\t\t\t\t<h2 class=\"elementor-heading-title elementor-size-default\">BABYAUSSTATTUNG MIETEN<\/h2>\t\t\t\t<\/div>\n\t\t\t\t<\/div>\n\t\t\t\t<\/div>\n\t\t<div class=\"elementor-element elementor-element-28f9514 e-flex e-con-boxed e-con e-parent\" data-id=\"28f9514\" data-element_type=\"container\" data-settings=\"{&quot;jet_parallax_layout_list&quot;:[]}\">\n\t\t\t\t\t<div class=\"e-con-inner\">\n\t\t<div class=\"elementor-element elementor-element-4d3cdc2 e-flex e-con-boxed e-con e-child\" data-id=\"4d3cdc2\" data-element_type=\"container\" data-settings=\"{&quot;jet_parallax_layout_list&quot;:[]}\">\n\t\t\t\t\t<div class=\"e-con-inner\">\n\t\t<div class=\"elementor-element elementor-element-2a4b149 e-flex e-con-boxed e-con e-child\" data-id=\"2a4b149\" data-element_type=\"container\" data-settings=\"{&quot;jet_parallax_layout_list&quot;:[]}\">\n\t\t\t\t\t<div class=\"e-con-inner\">\n\t\t\t\t<div class=\"elementor-element elementor-element-ed1245d elementor-widget elementor-widget-breadcrumbs\" data-id=\"ed1245d\" data-element_type=\"widget\" data-widget_type=\"breadcrumbs.default\">\n\t\t\t\t<div class=\"elementor-widget-container\">\n\t\t\t\t\t<p id=\"breadcrumbs\"><span><span><a href=\"https:\/\/alohahouses.es\/de\/\">Startseite<\/a><\/span><\/span><\/p>\t\t\t\t<\/div>\n\t\t\t\t<\/div>\n\t\t\t\t\t<\/div>\n\t\t\t\t<\/div>\n\t\t\t\t<div class=\"elementor-element elementor-element-a3dd5b5 elementor-widget-divider--view-line_icon elementor-view-default elementor-widget-divider--element-align-center elementor-widget elementor-widget-divider\" data-id=\"a3dd5b5\" data-element_type=\"widget\" data-widget_type=\"divider.default\">\n\t\t\t\t<div class=\"elementor-widget-container\">\n\t\t\t\t\t\t\t<div class=\"elementor-divider\">\n\t\t\t<span class=\"elementor-divider-separator\">\n\t\t\t\t\t\t\t<div class=\"elementor-icon elementor-divider__element\">\n\t\t\t\t\t<svg xmlns=\"http:\/\/www.w3.org\/2000\/svg\" id=\"Layer_1\" data-name=\"Layer 1\" viewBox=\"0 0 1000 1000\"><defs><style>.cls-1{fill:#a8d4e1;}<\/style><\/defs><path class=\"cls-1\" d=\"M709.4,291.26a663.28,663.28,0,0,1,73.63-3.4l10,.26-6.25-7.73c-31.87-39.53-69.18-60.11-110.93-61.17-64.75-1.64-122.76,43.44-149.87,68.44,4.55-10.64,9.48-21.18,14.73-31.51l2.13-4.16L538,249.67l7.14-2.19.89-1.67c6.8-12.67,14.18-25.23,22-37.36l2.79-4.34-5.58-2.74,9.32-2.86.9-1.35c9.51-14.08,19.76-27.85,30.44-40.95l3.68-4.5-5-2.42,9.56-3,.85-1c23.14-26.93,40.4-41.59,40.57-41.75l6.86-5.79-8.72-2.17c-40.07-10-74.57-4.34-102.49,16.91-60,45.63-72.32,148.79-74.79,183-50.49-53.87-101.62-80.16-152.2-78.23-68.52,2.62-110,56.07-111.75,58.33L207,282.82l9,.22c18.78.46,37.3,1.51,55,3.15l1,.09,8.73-3.2-2,3.85,6.64.73c15.15,1.69,30.19,3.86,44.71,6.47l1.36.07,9.06-2.16-1.78,3.67,5.81,1.17c16.85,3.45,33,7.48,48,12l.68.2h1.21l10.25-2.46-2,5.4,4.5,1.52c7.83,2.62,14.86,5.22,21.11,7.72C349.84,305.42,292,312.92,256,343.71c-44.05,37.73-37.8,95.91-37.51,98.36l1,8.41,6.51-5.4a355,355,0,0,1,55.7-37.84h1.76l3.75-8,.6,4.66,5.81-2.93a392.77,392.77,0,0,1,47-20l1.35-.46,4.57-6.25.42,4.52,5.43-1.73a430.69,430.69,0,0,1,50.63-12.67h1.19l5.76-4.56-.44,3.37,6.06-.93c9.82-1.54,18.72-2.58,26.43-3.25C360.79,389.59,312,429.61,297,478.2c-17.57,56.66,17.79,103,19.31,105l4.91,6.33,3-7.43a568.74,568.74,0,0,1,31.14-65.66l.58-1.06v-1.19l-.52-6.17,3.51,2.06,2.33-4A478.8,478.8,0,0,1,395.73,455l1-.95.58-5.62,2.1,1.86,3-3.7a388.93,388.93,0,0,1,38.4-40.82l1.12-1,1.09-5.48,2.43,2.3,3.14-2.7c4.29-3.69,8.29-6.91,11.92-9.71-49.14,71-51.19,126.65-43.37,162,9.41,42.56,34.2,65.31,35.25,66.26l5.15,4.65,2.27-6.57c5.56-16.1,11.13-35,16.57-56l.35-1.34-1.85-5.36,2.93,1.11,1.24-5c4-16.24,8-33.82,11.78-52.27l.09-.47v-1.24l-1.75-5.09,2.81,1.07,1.07-5.31c2.68-13.44,5.27-27.18,7.87-42l.08-1.74-2.08-5,3.12.44.75-4.41c2.33-13.7,4.15-25.34,5.44-33.81,7.81,18.15,21.18,55,30.67,111.32,13,77.34,21.12,208.36-14.11,393.34l-1,5.45h101l0-4.56c.28-57.48-1-170.29-13.11-280-12.28-111.62-32.44-191.75-60-239-.81-1.39-1.63-2.76-2.45-4.09,1.83,1.18,3.7,2.34,5.57,3.51,4.78,3,9.65,6,14.56,8.91l5.91,3.56,1.09-7.36,5.95,11.45,1.15.67c11.37,6.57,23.44,13.28,35.89,19.92l5.64,3,1.32-7.91,6.77,12.11,1.23.62c15.82,8.14,32.3,16.21,49,24l5.48,2.56,1.66-10,8,14.36,1.37.63c43.63,19.63,74.39,30.83,74.7,30.94l6.26,2.27-.09-6.65c-.86-62.17-45.49-108.35-129.1-133.55-43.46-13.1-87.21-17.36-109.84-18.75a275.38,275.38,0,0,1,25.74-12.19l3.86-1.6-1.52-5,7.37,2.71,1.59-.6A427,427,0,0,1,630.06,304l5.61-1.3-2.51-5.16,11.75,3.23,1.07-.21c15-3,30.82-5.52,47-7.5l6-.73-2-4.83,11.17,3.79Zm-28.63-19,5.14,12.44c-14,1.82-27.61,4.05-40.67,6.63l-29.22-8,6.37,13.1A425.52,425.52,0,0,0,577.21,310l-21.49-7.9,4.44,14.67a260.53,260.53,0,0,0-36.65,19.12l-13.19,8.37,15.61.1c.62,0,62.25.68,123.2,19.07,77.27,23.33,118.31,63,122.11,118-11-4.2-35.23-13.74-66.22-27.65l-19.34-34.54-4,23.83c-14.29-6.72-28.37-13.66-42-20.63l-18.19-32.54L618,411c-9.94-5.36-19.61-10.75-28.82-16.07l-17.83-34.24-3.2,21.77L522.4,357.71l13.1,19.75q3.38,4.67,6.59,9.94v0c27.75,45.39,48,125.26,60.47,238.17C614.28,732,615.83,841.45,615.65,900H534.87c34.36-183.84,26.09-314.4,13-391.82-14.4-85.1-37-125.37-38-127l-6.71-11.75-1.84,13.42c0,.18-2.44,17.81-6.86,44.16l-10.24-1.44,7.42,17.77c-2.18,12.32-4.34,23.88-6.56,35.16l-11-4.14L481.58,496c-3.31,16-6.73,31.34-10.2,45.68l-11.51-4.32,7.29,21.2c-4.47,17.23-9,32.92-13.58,46.75A130.56,130.56,0,0,1,426,548.66C414.53,495.77,434.58,435,484,373l4-5,4-5c-10.63,2.08-21.2,7.77-29.55,13.3l-.23.15c-4.66,3.35-10.16,7.55-16.33,12.7,0,0,0,0-.06.06h0l-8.5-8.07L433.52,400a400.93,400.93,0,0,0-35.18,37.12L390,429.74l-2.1,20.38a481.54,481.54,0,0,0-32.26,47.38L344.68,491l1.91,22.17a579.1,579.1,0,0,0-27.65,57.38c-8.68-14.49-25.58-49.84-13.16-89.78,15.92-51.15,72.69-92.63,168.75-123.28l7.23-2.32,1.15-.37a179,179,0,0,0-54.73-3.56h0q-3.77.45-7.78,1l-.11,0,1.83-13.77-21.4,17a435.73,435.73,0,0,0-45.61,11.13l-1.64-17.33-17.18,23.5a402.45,402.45,0,0,0-41,17.08l-3-23.16L277,399.32a369.24,369.24,0,0,0-49.72,32.89c.12-17.1,4.11-55.36,34.77-81.59,39.54-33.79,108.64-37.34,205.38-10.52l15.14,4.2,3.41.95c-22.56-16.5-68.14-37.46-71.17-38.84l-.11-.06h0l4.78-12.75-25.35,6.13c-13.21-3.94-27.26-7.49-41.87-10.63l5.09-10.47-26.46,6.3c-12.32-2.19-25-4.07-37.76-5.62l6.69-13-28.93,10.63c-14.56-1.32-29.6-2.25-44.86-2.8,13.67-14.39,49-45.78,98.64-47.64,50.12-1.9,101.39,26.13,152.34,83.3l7.73,8.65.3-11.59c0-1.35,4.28-135.73,71.75-187,23.61-18,52.55-23.73,86.13-17.21a459.5,459.5,0,0,0-34,35.7l-29.26,9,15.49,7.55c-9.21,11.52-18.06,23.53-26.38,35.77l-28.43,8.76,17.2,8.4c-6.57,10.44-12.84,21.17-18.67,32l-25.75,7.93,17.26,8.43A530,530,0,0,0,509,305.11l-8.7,23L516.7,309.8c.74-.83,73.84-81.44,155.72-81.44,1.06,0,2.11,0,3.18,0,36.2.93,69,17.82,97.63,50.21-12.51.08-35.66.66-63.76,3.39Z\"><\/path><\/svg><\/div>\n\t\t\t\t\t\t<\/span>\n\t\t<\/div>\n\t\t\t\t\t\t<\/div>\n\t\t\t\t<\/div>\n\t\t\t\t\t<\/div>\n\t\t\t\t<\/div>\n\t\t<div class=\"elementor-element elementor-element-b6595d9 e-flex e-con-boxed e-con e-child\" data-id=\"b6595d9\" data-element_type=\"container\" data-settings=\"{&quot;background_background&quot;:&quot;classic&quot;,&quot;jet_parallax_layout_list&quot;:[]}\">\n\t\t\t\t\t<div class=\"e-con-inner\">\n\t\t\t\t<div class=\"elementor-element elementor-element-79a2b1f elementor-widget elementor-widget-heading\" data-id=\"79a2b1f\" data-element_type=\"widget\" data-widget_type=\"heading.default\">\n\t\t\t\t<div class=\"elementor-widget-container\">\n\t\t\t\t\t<h2 class=\"elementor-heading-title elementor-size-default\">BABYAUSSTATTUNG MIETEN<\/h2>\t\t\t\t<\/div>\n\t\t\t\t<\/div>\n\t\t\t\t<div class=\"elementor-element elementor-element-63746f5 elementor-widget__width-initial elementor-widget elementor-widget-text-editor\" data-id=\"63746f5\" data-element_type=\"widget\" data-widget_type=\"text-editor.default\">\n\t\t\t\t<div class=\"elementor-widget-container\">\n\t\t\t\t\t\t\t\t\t<p>F\u00fcr Aloha Houses sind die Kleinen sehr wichtige G\u00e4ste und wir vergessen nie ihr Wohlbefinden<\/p><p>Wir wissen, dass die Ruhe und der Komfort der Kleinen f\u00fcr einen erholsamen und stressfreien Familienurlaub von grundlegender Bedeutung sind, und deshalb stellen wir das erste Kinderbett und den ersten Hochstuhl kostenlos zur Verf\u00fcgung.<\/p><p>Wird eine zweite oder mehrere Babyausstattungen ben\u00f6tigt, wird ein Aufschlag von 5 \u20ac pro Tag f\u00fcr jede ben\u00f6tigte Ausstattung erhoben, wobei die Mindestmietdauer 5 Tage betr\u00e4gt. Das Paket besteht aus Kinderbett, Bettw\u00e4sche und Hochstuhl.<\/p><p>Wir werden sie immer vor Ihrer Ankunft installieren.<\/p><p>Fordern Sie Ihre Babyausstattung 48 Stunden im Voraus \u00fcber das Kontaktformular auf dieser Seite oder telefonisch unter +34 681 905 890 an.<\/p>\t\t\t\t\t\t\t\t<\/div>\n\t\t\t\t<\/div>\n\t\t\t\t\t<\/div>\n\t\t\t\t<\/div>\n\t\t\t\t\t<\/div>\n\t\t\t\t<\/div>\n\t\t<div class=\"elementor-element elementor-element-399da65 e-flex e-con-boxed e-con e-parent\" data-id=\"399da65\" data-element_type=\"container\" data-settings=\"{&quot;background_background&quot;:&quot;classic&quot;,&quot;jet_parallax_layout_list&quot;:[]}\">\n\t\t\t\t\t<div class=\"e-con-inner\">\n\t\t<div class=\"elementor-element elementor-element-79dbcad e-con-full e-flex e-con e-child\" data-id=\"79dbcad\" data-element_type=\"container\" data-settings=\"{&quot;background_background&quot;:&quot;classic&quot;,&quot;jet_parallax_layout_list&quot;:[]}\">\n\t\t\t\t<div class=\"elementor-element elementor-element-0786548 elementor-widget elementor-widget-heading\" data-id=\"0786548\" data-element_type=\"widget\" data-widget_type=\"heading.default\">\n\t\t\t\t<div class=\"elementor-widget-container\">\n\t\t\t\t\t<h2 class=\"elementor-heading-title elementor-size-default\">KONTAKTIEREN SIE UNS<\/h2>\t\t\t\t<\/div>\n\t\t\t\t<\/div>\n\t\t\t\t<div class=\"elementor-element elementor-element-2bac00a elementor-button-align-stretch elementor-widget elementor-widget-form\" data-id=\"2bac00a\" data-element_type=\"widget\" data-settings=\"{&quot;step_next_label&quot;:&quot;Weiter&quot;,&quot;step_previous_label&quot;:&quot;Vorherige&quot;,&quot;button_width&quot;:&quot;100&quot;,&quot;step_type&quot;:&quot;number_text&quot;,&quot;step_icon_shape&quot;:&quot;circle&quot;}\" data-widget_type=\"form.default\">\n\t\t\t\t<div class=\"elementor-widget-container\">\n\t\t\t\t\t\t\t<form class=\"elementor-form\" method=\"post\" name=\"Kontakt nach Hause\" aria-label=\"Kontakt nach Hause\">\n\t\t\t<input type=\"hidden\" name=\"post_id\" value=\"4204\"\/>\n\t\t\t<input type=\"hidden\" name=\"form_id\" value=\"2bac00a\"\/>\n\t\t\t<input type=\"hidden\" name=\"referer_title\" value=\"Aloha Houses\" \/>\n\n\t\t\t\n\t\t\t<div class=\"elementor-form-fields-wrapper elementor-labels-above\">\n\t\t\t\t\t\t\t\t<div class=\"elementor-field-type-text elementor-field-group elementor-column elementor-field-group-name elementor-col-100\">\n\t\t\t\t\t\t\t\t\t\t\t\t<label for=\"form-field-name\" class=\"elementor-field-label\">\n\t\t\t\t\t\t\t\tName\t\t\t\t\t\t\t<\/label>\n\t\t\t\t\t\t\t\t\t\t\t\t\t\t<input size=\"1\" type=\"text\" name=\"form_fields[name]\" id=\"form-field-name\" class=\"elementor-field elementor-size-md  elementor-field-textual\" placeholder=\"Geben Sie hier Ihren Namen ein\">\n\t\t\t\t\t\t\t\t\t\t\t<\/div>\n\t\t\t\t\t\t\t\t<div class=\"elementor-field-type-tel elementor-field-group elementor-column elementor-field-group-field_2660476 elementor-col-100 elementor-field-required\">\n\t\t\t\t\t\t\t\t\t\t\t\t<label for=\"form-field-field_2660476\" class=\"elementor-field-label\">\n\t\t\t\t\t\t\t\tIhre Rufnummer\t\t\t\t\t\t\t<\/label>\n\t\t\t\t\t\t\t\t<input size=\"1\" type=\"tel\" name=\"form_fields[field_2660476]\" id=\"form-field-field_2660476\" class=\"elementor-field elementor-size-md  elementor-field-textual\" placeholder=\"Geben Sie hier Ihre Nummer ein\" required=\"required\" pattern=\"[0-9()#&amp;+*-=.]+\" title=\"Nur Nummern oder Telefon-Zeichen (#, -, *, etc) werden akzeptiert.\">\n\n\t\t\t\t\t\t<\/div>\n\t\t\t\t\t\t\t\t<div class=\"elementor-field-type-email elementor-field-group elementor-column elementor-field-group-email elementor-col-100 elementor-field-required\">\n\t\t\t\t\t\t\t\t\t\t\t\t<label for=\"form-field-email\" class=\"elementor-field-label\">\n\t\t\t\t\t\t\t\tE-Mail\t\t\t\t\t\t\t<\/label>\n\t\t\t\t\t\t\t\t\t\t\t\t\t\t<input size=\"1\" type=\"email\" name=\"form_fields[email]\" id=\"form-field-email\" class=\"elementor-field elementor-size-md  elementor-field-textual\" placeholder=\"Geben Sie hier Ihre E-Mail ein\" required=\"required\">\n\t\t\t\t\t\t\t\t\t\t\t<\/div>\n\t\t\t\t\t\t\t\t<div class=\"elementor-field-type-textarea elementor-field-group elementor-column elementor-field-group-message elementor-col-100\">\n\t\t\t\t\t\t\t\t\t\t\t\t<label for=\"form-field-message\" class=\"elementor-field-label\">\n\t\t\t\t\t\t\t\tNachricht\t\t\t\t\t\t\t<\/label>\n\t\t\t\t\t\t<textarea class=\"elementor-field-textual elementor-field  elementor-size-md\" name=\"form_fields[message]\" id=\"form-field-message\" rows=\"4\" placeholder=\"Schreiben Sie hier Ihre Nachricht\"><\/textarea>\t\t\t\t<\/div>\n\t\t\t\t\t\t\t\t<div class=\"elementor-field-type-recaptcha_v3 elementor-field-group elementor-column elementor-field-group-field_2ae9b67 elementor-col-100 recaptcha_v3-bottomleft\">\n\t\t\t\t\t<div class=\"elementor-field\" id=\"form-field-field_2ae9b67\"><div class=\"elementor-g-recaptcha\" data-sitekey=\"6LfClQ4rAAAAAH40MEY-85OfRFHT11ddeBLwNS8y\" data-type=\"v3\" data-action=\"Form\" data-badge=\"bottomleft\" data-size=\"invisible\"><\/div><\/div>\t\t\t\t<\/div>\n\t\t\t\t\t\t\t\t<div class=\"elementor-field-type-acceptance elementor-field-group elementor-column elementor-field-group-field_da9bec8 elementor-col-100 elementor-field-required\">\n\t\t\t\t\t\t\t<div class=\"elementor-field-subgroup\">\n\t\t\t<span class=\"elementor-field-option\">\n\t\t\t\t<input type=\"checkbox\" name=\"form_fields[field_da9bec8]\" id=\"form-field-field_da9bec8\" class=\"elementor-field elementor-size-md  elementor-acceptance-field\" required=\"required\">\n\t\t\t\t<label for=\"form-field-field_da9bec8\">Ich habe und akzeptiere sie <a href=\"\/de\/datenschutzbestimmungen\/\" style=\"color: blue;\">die Allgemeinen Gesch\u00e4ftsbedingungen gelesen<\/label>\t\t\t<\/span>\n\t\t<\/div>\n\t\t\t\t\t\t<\/div>\n\t\t\t\t\t\t\t\t<div class=\"elementor-field-type-acceptance elementor-field-group elementor-column elementor-field-group-field_0ded2ff elementor-col-100\">\n\t\t\t\t\t\t\t<div class=\"elementor-field-subgroup\">\n\t\t\t<span class=\"elementor-field-option\">\n\t\t\t\t<input type=\"checkbox\" name=\"form_fields[field_0ded2ff]\" id=\"form-field-field_0ded2ff\" class=\"elementor-field elementor-size-md  elementor-acceptance-field\">\n\t\t\t\t<label for=\"form-field-field_0ded2ff\">Ich bin damit einverstanden, Mitteilungen von Aloha Houses zu erhalten<\/label>\t\t\t<\/span>\n\t\t<\/div>\n\t\t\t\t\t\t<\/div>\n\t\t\t\t\t\t\t\t<div class=\"elementor-field-group elementor-column elementor-field-type-submit elementor-col-100 e-form__buttons\">\n\t\t\t\t\t<button class=\"elementor-button elementor-size-md elementor-animation-grow\" type=\"submit\">\n\t\t\t\t\t\t<span class=\"elementor-button-content-wrapper\">\n\t\t\t\t\t\t\t\t\t\t\t\t\t\t\t\t\t\t\t\t\t\t<span class=\"elementor-button-text\">Senden<\/span>\n\t\t\t\t\t\t\t\t\t\t\t\t\t<\/span>\n\t\t\t\t\t<\/button>\n\t\t\t\t<\/div>\n\t\t\t<\/div>\n\t\t<\/form>\n\t\t\t\t\t\t<\/div>\n\t\t\t\t<\/div>\n\t\t\t\t<\/div>\n\t\t\t\t\t<\/div>\n\t\t\t\t<\/div>\n\t\t\t\t<\/div>\n\t\t","protected":false},"excerpt":{"rendered":"<p>BABYAUSSTATTUNG MIETEN BABYAUSSTATTUNG MIETEN F\u00fcr Aloha Houses sind die Kleinen sehr wichtige G\u00e4ste und wir vergessen nie ihr Wohlbefinden Wir wissen, dass die Ruhe und der Komfort der Kleinen f\u00fcr einen erholsamen und stressfreien Familienurlaub von grundlegender Bedeutung sind, und deshalb stellen wir das erste Kinderbett und den ersten Hochstuhl kostenlos zur Verf\u00fcgung. Wird eine [&hellip;]<\/p>\n","protected":false},"author":1,"featured_media":0,"parent":4200,"menu_order":0,"comment_status":"closed","ping_status":"closed","template":"","meta":{"_joinchat":[],"footnotes":""},"class_list":["post-4204","page","type-page","status-publish","hentry"],"yoast_head":"<!-- This site is optimized with the Yoast SEO plugin v26.2 - https:\/\/yoast.com\/wordpress\/plugins\/seo\/ -->\n<title>BABYAUSSTATTUNG MIETEN - Aloha Houses<\/title>\n<meta name=\"robots\" content=\"index, follow, max-snippet:-1, max-image-preview:large, max-video-preview:-1\" \/>\n<link rel=\"canonical\" href=\"https:\/\/alohahouses.es\/de\/dienstleistungen\/babyausstattung-mieten\/\" \/>\n<meta property=\"og:locale\" content=\"de_DE\" \/>\n<meta property=\"og:type\" content=\"article\" \/>\n<meta property=\"og:title\" content=\"BABYAUSSTATTUNG MIETEN - Aloha Houses\" \/>\n<meta property=\"og:description\" content=\"BABYAUSSTATTUNG MIETEN BABYAUSSTATTUNG MIETEN F\u00fcr Aloha Houses sind die Kleinen sehr wichtige G\u00e4ste und wir vergessen nie ihr Wohlbefinden Wir wissen, dass die Ruhe und der Komfort der Kleinen f\u00fcr einen erholsamen und stressfreien Familienurlaub von grundlegender Bedeutung sind, und deshalb stellen wir das erste Kinderbett und den ersten Hochstuhl kostenlos zur Verf\u00fcgung. Wird eine [&hellip;]\" \/>\n<meta property=\"og:url\" content=\"https:\/\/alohahouses.es\/de\/dienstleistungen\/babyausstattung-mieten\/\" \/>\n<meta property=\"og:site_name\" content=\"Aloha Houses\" \/>\n<meta property=\"article:modified_time\" content=\"2025-12-22T14:52:37+00:00\" \/>\n<meta name=\"twitter:card\" content=\"summary_large_image\" \/>\n<meta name=\"twitter:label1\" content=\"Gesch\u00e4tzte Lesezeit\" \/>\n\t<meta name=\"twitter:data1\" content=\"1\u00a0Minute\" \/>\n<script type=\"application\/ld+json\" class=\"yoast-schema-graph\">{\"@context\":\"https:\/\/schema.org\",\"@graph\":[{\"@type\":\"WebPage\",\"@id\":\"https:\/\/alohahouses.es\/de\/dienstleistungen\/babyausstattung-mieten\/\",\"url\":\"https:\/\/alohahouses.es\/de\/dienstleistungen\/babyausstattung-mieten\/\",\"name\":\"BABYAUSSTATTUNG MIETEN - Aloha Houses\",\"isPartOf\":{\"@id\":\"https:\/\/alohahouses.es\/de\/#website\"},\"datePublished\":\"2022-07-07T15:29:28+00:00\",\"dateModified\":\"2025-12-22T14:52:37+00:00\",\"breadcrumb\":{\"@id\":\"https:\/\/alohahouses.es\/de\/dienstleistungen\/babyausstattung-mieten\/#breadcrumb\"},\"inLanguage\":\"de\",\"potentialAction\":[{\"@type\":\"ReadAction\",\"target\":[\"https:\/\/alohahouses.es\/de\/dienstleistungen\/babyausstattung-mieten\/\"]}]},{\"@type\":\"BreadcrumbList\",\"@id\":\"https:\/\/alohahouses.es\/de\/dienstleistungen\/babyausstattung-mieten\/#breadcrumb\",\"itemListElement\":[{\"@type\":\"ListItem\",\"position\":1,\"name\":\"Startseite\",\"item\":\"https:\/\/alohahouses.es\/de\/\"},{\"@type\":\"ListItem\",\"position\":2,\"name\":\"Dienstleistungen\",\"item\":\"https:\/\/alohahouses.es\/de\/dienstleistungen\/\"},{\"@type\":\"ListItem\",\"position\":3,\"name\":\"BABYAUSSTATTUNG MIETEN\"}]},{\"@type\":\"WebSite\",\"@id\":\"https:\/\/alohahouses.es\/de\/#website\",\"url\":\"https:\/\/alohahouses.es\/de\/\",\"name\":\"Aloha Houses\",\"description\":\"\",\"publisher\":{\"@id\":\"https:\/\/alohahouses.es\/de\/#organization\"},\"potentialAction\":[{\"@type\":\"SearchAction\",\"target\":{\"@type\":\"EntryPoint\",\"urlTemplate\":\"https:\/\/alohahouses.es\/de\/?s={search_term_string}\"},\"query-input\":{\"@type\":\"PropertyValueSpecification\",\"valueRequired\":true,\"valueName\":\"search_term_string\"}}],\"inLanguage\":\"de\"},{\"@type\":\"Organization\",\"@id\":\"https:\/\/alohahouses.es\/de\/#organization\",\"name\":\"Aloha Houses\",\"url\":\"https:\/\/alohahouses.es\/de\/\",\"logo\":{\"@type\":\"ImageObject\",\"inLanguage\":\"de\",\"@id\":\"https:\/\/alohahouses.es\/de\/#\/schema\/logo\/image\/\",\"url\":\"https:\/\/alohahouses.es\/wp-content\/uploads\/2022\/06\/logo-aloha-houses.png\",\"contentUrl\":\"https:\/\/alohahouses.es\/wp-content\/uploads\/2022\/06\/logo-aloha-houses.png\",\"width\":253,\"height\":308,\"caption\":\"Aloha Houses\"},\"image\":{\"@id\":\"https:\/\/alohahouses.es\/de\/#\/schema\/logo\/image\/\"}}]}<\/script>\n<!-- \/ Yoast SEO plugin. -->","yoast_head_json":{"title":"BABYAUSSTATTUNG MIETEN - Aloha Houses","robots":{"index":"index","follow":"follow","max-snippet":"max-snippet:-1","max-image-preview":"max-image-preview:large","max-video-preview":"max-video-preview:-1"},"canonical":"https:\/\/alohahouses.es\/de\/dienstleistungen\/babyausstattung-mieten\/","og_locale":"de_DE","og_type":"article","og_title":"BABYAUSSTATTUNG MIETEN - Aloha Houses","og_description":"BABYAUSSTATTUNG MIETEN BABYAUSSTATTUNG MIETEN F\u00fcr Aloha Houses sind die Kleinen sehr wichtige G\u00e4ste und wir vergessen nie ihr Wohlbefinden Wir wissen, dass die Ruhe und der Komfort der Kleinen f\u00fcr einen erholsamen und stressfreien Familienurlaub von grundlegender Bedeutung sind, und deshalb stellen wir das erste Kinderbett und den ersten Hochstuhl kostenlos zur Verf\u00fcgung. Wird eine [&hellip;]","og_url":"https:\/\/alohahouses.es\/de\/dienstleistungen\/babyausstattung-mieten\/","og_site_name":"Aloha Houses","article_modified_time":"2025-12-22T14:52:37+00:00","twitter_card":"summary_large_image","twitter_misc":{"Gesch\u00e4tzte Lesezeit":"1\u00a0Minute"},"schema":{"@context":"https:\/\/schema.org","@graph":[{"@type":"WebPage","@id":"https:\/\/alohahouses.es\/de\/dienstleistungen\/babyausstattung-mieten\/","url":"https:\/\/alohahouses.es\/de\/dienstleistungen\/babyausstattung-mieten\/","name":"BABYAUSSTATTUNG MIETEN - Aloha Houses","isPartOf":{"@id":"https:\/\/alohahouses.es\/de\/#website"},"datePublished":"2022-07-07T15:29:28+00:00","dateModified":"2025-12-22T14:52:37+00:00","breadcrumb":{"@id":"https:\/\/alohahouses.es\/de\/dienstleistungen\/babyausstattung-mieten\/#breadcrumb"},"inLanguage":"de","potentialAction":[{"@type":"ReadAction","target":["https:\/\/alohahouses.es\/de\/dienstleistungen\/babyausstattung-mieten\/"]}]},{"@type":"BreadcrumbList","@id":"https:\/\/alohahouses.es\/de\/dienstleistungen\/babyausstattung-mieten\/#breadcrumb","itemListElement":[{"@type":"ListItem","position":1,"name":"Startseite","item":"https:\/\/alohahouses.es\/de\/"},{"@type":"ListItem","position":2,"name":"Dienstleistungen","item":"https:\/\/alohahouses.es\/de\/dienstleistungen\/"},{"@type":"ListItem","position":3,"name":"BABYAUSSTATTUNG MIETEN"}]},{"@type":"WebSite","@id":"https:\/\/alohahouses.es\/de\/#website","url":"https:\/\/alohahouses.es\/de\/","name":"Aloha Houses","description":"","publisher":{"@id":"https:\/\/alohahouses.es\/de\/#organization"},"potentialAction":[{"@type":"SearchAction","target":{"@type":"EntryPoint","urlTemplate":"https:\/\/alohahouses.es\/de\/?s={search_term_string}"},"query-input":{"@type":"PropertyValueSpecification","valueRequired":true,"valueName":"search_term_string"}}],"inLanguage":"de"},{"@type":"Organization","@id":"https:\/\/alohahouses.es\/de\/#organization","name":"Aloha Houses","url":"https:\/\/alohahouses.es\/de\/","logo":{"@type":"ImageObject","inLanguage":"de","@id":"https:\/\/alohahouses.es\/de\/#\/schema\/logo\/image\/","url":"https:\/\/alohahouses.es\/wp-content\/uploads\/2022\/06\/logo-aloha-houses.png","contentUrl":"https:\/\/alohahouses.es\/wp-content\/uploads\/2022\/06\/logo-aloha-houses.png","width":253,"height":308,"caption":"Aloha Houses"},"image":{"@id":"https:\/\/alohahouses.es\/de\/#\/schema\/logo\/image\/"}}]}},"_links":{"self":[{"href":"https:\/\/alohahouses.es\/de\/wp-json\/wp\/v2\/pages\/4204","targetHints":{"allow":["GET"]}}],"collection":[{"href":"https:\/\/alohahouses.es\/de\/wp-json\/wp\/v2\/pages"}],"about":[{"href":"https:\/\/alohahouses.es\/de\/wp-json\/wp\/v2\/types\/page"}],"author":[{"embeddable":true,"href":"https:\/\/alohahouses.es\/de\/wp-json\/wp\/v2\/users\/1"}],"replies":[{"embeddable":true,"href":"https:\/\/alohahouses.es\/de\/wp-json\/wp\/v2\/comments?post=4204"}],"version-history":[{"count":11,"href":"https:\/\/alohahouses.es\/de\/wp-json\/wp\/v2\/pages\/4204\/revisions"}],"predecessor-version":[{"id":10278,"href":"https:\/\/alohahouses.es\/de\/wp-json\/wp\/v2\/pages\/4204\/revisions\/10278"}],"up":[{"embeddable":true,"href":"https:\/\/alohahouses.es\/de\/wp-json\/wp\/v2\/pages\/4200"}],"wp:attachment":[{"href":"https:\/\/alohahouses.es\/de\/wp-json\/wp\/v2\/media?parent=4204"}],"curies":[{"name":"wp","href":"https:\/\/api.w.org\/{rel}","templated":true}]}}